{"id":7,"date":"2026-01-31T17:30:41","date_gmt":"2026-01-31T17:30:41","guid":{"rendered":"http:\/\/albuquerquescn-znuct.wordpress.com\/?page_id=1"},"modified":"2026-02-05T02:36:22","modified_gmt":"2026-02-05T02:36:22","slug":"about","status":"publish","type":"page","link":"https:\/\/biomatconsortium.org\/index.php\/about\/","title":{"rendered":"BIOMAT Consortium"},"content":{"rendered":"\n<p><em><mark style=\"background-color:rgba(0, 0, 0, 0)\" class=\"has-inline-color has-theme-5-color\">The BIOMAT Consortium \/ International Institute for Interdisciplinary Mathematical and Biological Sciences, a non-profit association of members of Universities and Research Institutions in five continents, has created interdisciplinary conferences since the year 2001. These BIOMAT Symposia &#8211; BIOMAT International Symposia on Interdisciplinary Mathematical and Biological Sciences &#8211; are adequate for creating opportunities to assemble together professionals from several fields, from applied mathematicians and theoretical physicists to biologists, biochemists, experts on computing as well as research engineers and physicians. The only link which is supposed to exist among them is the scientific interest on topics of the interface between Mathematical and Biological Sciences.<\/mark><\/em><\/p>\n\n\n\n<h3 class=\"wp-block-heading\">BIOMAT Consortium &#8211; Extended and Updated Version<\/h3>\n\n\n\n<p><strong>The BIOMAT Consortium \u2013 International Institute for Interdisciplinary Mathematical and Biological Sciences \u2013 I\u00b3MBS, is a non-profit international scientific association composed of professionals, postdoctoral fellows, doctoral students, and researchers working at the interface between Interdisciplinary Mathematical and Biological Sciences. The BIOMAT Consortium organized 25 international conferences annually from 2001 to 2025. The book BIOMAT 2025, from the Trends in Biomathematics collection, published by Springer International Publishing, Springer Nature, Cham, Switzerland, will be released with a summary of the history of the BIOMAT Consortium, containing the main facts from these 25 conferences. The countries and respective conference locations were:<\/strong><\/p>\n\n\n\n<p><strong>1. BIOMAT 2001 &#8211; Institute of Pure and Applied Mathematics &#8211; IMPA, Rio de Janeiro, Brazil, April 02 &#8211; 04, 2001. 1st International Conference of Biomathematics in South America, 273 registered participants.<\/strong><\/p>\n\n\n\n<p><strong>2. BIOMAT 2002 &#8211; Federal University of Rio de Janeiro, Brazil, September 22 &#8211; 24, 2002.<\/strong><\/p>\n\n\n\n<p><strong>3. BIOMAT 2003 &#8211; Oswaldo Cruz Institute Foundation &#8211; FIOCRUZ, Rio de Janeiro, Brazil, November 22 &#8211; 26, 2003.<\/strong><\/p>\n\n\n\n<p><strong>4. BIOMAT 2004 &#8211; State University of Santa Cruz, UESC, S\u00e3o Jorge dos Ilh\u00e9us, BA, Brazil, November 27 &#8211; December 01, 2004.<\/strong><\/p>\n\n\n\n<p><strong>5. BIOMAT 2005 &#8211; National Laboratory for Scientific Computing, LNCC, Petropolis, RJ, Brazil, December 03 &#8211; 08, 2005.<\/strong><\/p>\n\n\n\n<p><strong>6. Federal University of Amazonas, UFAM, Manaus, AM, Brazil, November 25 &#8211; 30, 2006.<\/strong><\/p>\n\n\n\n<p><strong>7. BIOMAT 2007 &#8211; Arma\u00e7\u00e3o de B\u00fazios, RJ, Brazil, P\u00e9rola Hotel, November 24 &#8211; 29, 2007.<\/strong><\/p>\n\n\n\n<p><strong>8. BIOMAT 2008 &#8211; Campos do Jord\u00e3o, SP, Brazil, Gl\u00f3ria Hotel, November 22 &#8211; 27, 2008.<\/strong><\/p>\n\n\n\n<p><strong>9. BIOMAT 2009 &#8211; National University of Brasilia, UNB, Brasilia, DF, Brazil, August 01 &#8211; 06, 2009.<\/strong><\/p>\n\n\n\n<p><strong>10. BIOMAT 2010 &#8211; School of Naval Warfare, Brazilian Navy, Rio de Janeiro, RJ, Brazil, July 24 &#8211; 29. The BIOMAT Consortium has organized the first International Symposium of the Society for Mathematical Biology in South America, the SMB 2010. together with the BIOMAT 2010, by<\/strong> <strong>invitation of the SMB Society and the recommendation of Prof. Nick Britton from Bath University, UK, during the SMB 2009, in Vancouver, Canada.<\/strong><\/p>\n\n\n\n<p><strong>11. BIOMAT 2011 \u2013 University del Maule, Santiago de Chile, Chile, November 05 \u2013 10, 2011.<\/strong><\/p>\n\n\n\n<p><strong>12. BIOMAT 2012 \u2013 Tempe, Arizona, USA, Four Points by Sheraton Hotel, November 06 -10.<\/strong><\/p>\n\n\n\n<p><strong>13. BIOMAT 2013 \u2013 Fields Institute for Mathematical Sciences. Toronto, Canada, November 04 -08, 2013.<\/strong><\/p>\n\n\n\n<p><strong>14. BIOMAT 2014 \u2013 Stefan Banach Institute of Mathematics, Bedlewo near Poznan, Poland, November 03 &#8211; 07, 2014.<\/strong><\/p>\n\n\n\n<p><strong>15. BIOMAT 2015 \u2013 Roorkee Indian Institute of Technology, Roorkee, Uttarakhand, India, November 02 &#8211; 06, 2015.<\/strong><\/p>\n\n\n\n<p><strong>16. BIOMAT 2016 &#8211; Chern Institute of Mathematics, Nankai University, Tianjin, China, October 30 \u2013 November 04, 2016.<\/strong><\/p>\n\n\n\n<p><strong>17. BIOMAT 2017 \u2013 Steklov Mathematical Institute, Institute of Numerical Mathematiics of the Russian Academy of Sciences, Moscow, Russia, October 30 \u2013 November 03, 2017.<\/strong><\/p>\n\n\n\n<p><strong>18. BIOMAT 2018 \u2013 Hassan II University, Faculty of Science and Technology, Mohammedia, Morocco, October 29 \u2013 November 02, 2018.<\/strong><\/p>\n\n\n\n<p><strong>19. BIOMAT 2019 \u2013 Institute Bolyai of Mathematics, University of Szeged, Szeged, Hungary, October 21 \u2013 25, 2019.<\/strong><\/p>\n\n\n\n<p><strong>20. BIOMAT 2020 \u2013 BIOMAT Consortium Headquarters at Rio de Janeiro, National Research Network of Brazil (RNP), Greenwich Mean Time, GMT(-3). Online, November 02 \u2013 06, 2020.<\/strong><\/p>\n\n\n\n<p><strong>21. BIOMAT 2021 \u2013 BIOMAT Consortium Headquarters at Rio de Janeiro, National Research Network of Brazil (RNP), Greenwich Mean Time, GMT(-3). Online, November 01 \u2013 05, 2021.<\/strong><\/p>\n\n\n\n<p><strong>22. BIOMAT 2022 \u2013 BIOMAT Consortium Headquarters at Rio de Janeiro, National Research Network of Brazil (RNP), Greenwich Mean Time, GMT(-3). Online, November 07 \u2013 11, 2022.<\/strong><\/p>\n\n\n\n<p><strong>23. BIOMAT 2023 \u2013 BIOMAT Consortium Headquarters at Rio de Janeiro, National Research Network of |Brazil (RNP), Greenwich Mean Time, GMT(-3). Online, November 06 \u2013 10, 2023.<\/strong><\/p>\n\n\n\n<p><strong>24. BIOMAT 2024 \u2013 Orthodox Academy of Crete, Kolympari, Chania, Greece. Hybrid, October 27 \u2013 November 02. 2024.<\/strong><\/p>\n\n\n\n<p><strong>25. BIOMAT 2025 \u2013 Serbian Academy of Nonlinear Sciences, Mathematical Institute of Serbian Academy of Arts and Sciences. Hotel Palace, Belgrade, Serbia. Hybrid, November 10 \u2013 14, 2025.<\/strong><\/p>\n\n\n\n<p><strong>Following BIOMAT tradition since its founding in 2001, we do not have parallel sessions. Sessions with Keynote Speakers will last 50 minutes, plus 10 minutes for questions and comments, and sessions with contributed paper presentations will last 25 minutes, plus five minutes for questions and comments. We usually have ten to twelve sessions per day, during the five days, and a maximum of 60 to 80 in-person speakers.<\/strong><\/p>\n\n\n\n<p><strong>All papers accepted through a peer-review process conducted by the Editorial Board of the BIOMAT Consortium and other international reviewers abroad will be published as indexed chapters, with independent DOI link numbers, in a volume of the Trends in Biomathematics Collection from Springer International Publishing, Springer Nature, Cham, Switzerland.<\/strong><\/p>\n\n\n\n<figure class=\"wp-block-image aligncenter size-full\"><img loading=\"lazy\" decoding=\"async\" width=\"432\" height=\"311\" src=\"https:\/\/biomatconsortium.org\/wp-content\/uploads\/2026\/02\/image-1.png\" alt=\"\" class=\"wp-image-106\" srcset=\"https:\/\/biomatconsortium.org\/wp-content\/uploads\/2026\/02\/image-1.png 432w, https:\/\/biomatconsortium.org\/wp-content\/uploads\/2026\/02\/image-1-300x216.png 300w\" sizes=\"auto, (max-width: 432px) 100vw, 432px\" \/><\/figure>\n\n\n\n<p class=\"has-text-align-center\"><mark style=\"background-color:rgba(0, 0, 0, 0)\" class=\"has-inline-color has-theme-5-color\">President: Rubem P. Mondaini, Federal University of Rio de Janeiro, Centre of Technology, Rio de Janeiro, Brazil<\/mark><\/p>\n\n\n\n<p class=\"has-text-align-center\"><mark style=\"background-color:rgba(0, 0, 0, 0)\" class=\"has-inline-color has-theme-5-color\">General Secretary: Sim\u00e2o C. de Albuquerque Neto, Federal University of Rio de Janeiro, Centre of Health Sciences, Rio de Janeiro, Brazil<\/mark><\/p>\n\n\n\n<figure class=\"wp-block-image aligncenter size-full\"><img loading=\"lazy\" decoding=\"async\" width=\"564\" height=\"399\" src=\"https:\/\/biomatconsortium.org\/wp-content\/uploads\/2026\/02\/oie_avDiXiesjKWY.png\" alt=\"\" class=\"wp-image-148\" srcset=\"https:\/\/biomatconsortium.org\/wp-content\/uploads\/2026\/02\/oie_avDiXiesjKWY.png 564w, https:\/\/biomatconsortium.org\/wp-content\/uploads\/2026\/02\/oie_avDiXiesjKWY-300x212.png 300w\" sizes=\"auto, (max-width: 564px) 100vw, 564px\" \/><\/figure>\n\n\n\n<p class=\"has-text-align-center\"><strong><mark style=\"background-color:rgba(0, 0, 0, 0)\" class=\"has-inline-color has-theme-5-color\">BIOMAT CONSORTIUM BOARD OF DIRECTORS (2024 &#8211; 2027)<\/mark><\/strong><\/p>\n\n\n\n<p class=\"has-text-align-center\"><strong><mark style=\"background-color:rgba(0, 0, 0, 0)\" class=\"has-inline-color has-theme-5-color\">WE &#8211; WESTERN EUROPE &#8211; Lucia Maddalena, High Performance Computing and Networking&nbsp;Institute, Naples, Italy;&nbsp;Vitaly Volpert, Claude Bernard University Lyon I, France<\/mark><\/strong><\/p>\n\n\n\n<p class=\"has-text-align-center\"><strong><mark style=\"background-color:rgba(0, 0, 0, 0)\" class=\"has-inline-color has-theme-5-color\">EE &#8211; EASTERN EUROPE &#8211; S\u00e1ndor Kov\u00e1cs, Roland Eotvos University, Budapest, Hungary; Gergely R\u00f6st, University of Szeged, Hungary; Branko Dragovich, University of Belgrade, Serbia<\/mark><\/strong><\/p>\n\n\n\n<p class=\"has-text-align-center\"><strong><mark style=\"background-color:rgba(0, 0, 0, 0)\" class=\"has-inline-color has-theme-5-color\">NA &#8211; NORTH AMERICA &#8211; Panos Pardalos, University of Florida , USA; Jane Heffernan, York University, Canada<\/mark><\/strong><\/p>\n\n\n\n<p class=\"has-text-align-center\"><strong><mark style=\"background-color:rgba(0, 0, 0, 0)\" class=\"has-inline-color has-theme-5-color\">SA &#8211; SOUTH AMERICA &#8211; Rubem Mondaini, Federal University of Rio de Janeiro, Rio de Janeiro, Brazil<\/mark><\/strong><\/p>\n\n\n\n<p class=\"has-text-align-center\"><strong><mark style=\"background-color:rgba(0, 0, 0, 0)\" class=\"has-inline-color has-theme-5-color\">AF &#8211; AFRICA &#8211; Karam Allali, University Hassan II, Casablanca, Morocco; Hamid Lefraich, Universit\u00e9 Hassan Premier, Settat, Morocco<\/mark><\/strong><\/p>\n\n\n\n<p class=\"has-text-align-center\"><strong><mark style=\"background-color:rgba(0, 0, 0, 0)\" class=\"has-inline-color has-theme-5-color\">AS &#8211; ASIA &#8211; Somdatta Sinha, Indian Institute for Science Education and Research, Kolkata, West Bengal, India; Prashant Srivastava, Indian Institute of Technology, Patna, India; Samares Pal, University of Kalyani, India<\/mark><\/strong><\/p>\n\n\n\n<p class=\"has-text-align-center\"><strong><mark style=\"background-color:rgba(0, 0, 0, 0)\" class=\"has-inline-color has-theme-5-color\">OC &#8211; OCEANIA \u2013 To be announced \u2013 Following the passing of Prof. Charles E. M. Pearce of the University of Adelaide, Australia, in 2011, the BIOMAT Consortium is left without a representative from Oceania on its Board of Directors. Prof. Pearce was an exemplary scientist in his many contributions to the interdisciplinary mathematical and biological sciences. A tribute to him was published in the opening pages of the book BIOMAT 2011, published by World Scientific Co. Pte. Ltd. On behalf of the BIOMAT Consortium, we would be grateful if a fellow scientist could be nominated in the current year 2026 as the Representative from Oceania on the Board of Directors.<\/mark><\/strong><\/p>\n\n\n\n<figure class=\"wp-block-image aligncenter size-full\"><img loading=\"lazy\" decoding=\"async\" width=\"763\" height=\"450\" src=\"https:\/\/biomatconsortium.org\/wp-content\/uploads\/2026\/02\/image1.png\" alt=\"\" class=\"wp-image-108\" srcset=\"https:\/\/biomatconsortium.org\/wp-content\/uploads\/2026\/02\/image1.png 763w, https:\/\/biomatconsortium.org\/wp-content\/uploads\/2026\/02\/image1-300x177.png 300w\" sizes=\"auto, (max-width: 763px) 100vw, 763px\" \/><\/figure>\n\n\n\n<p class=\"has-text-align-center\"><strong><mark style=\"background-color:rgba(0, 0, 0, 0)\" class=\"has-inline-color has-theme-5-color\">BIOMAT CONSORTIUM&#8217;S POSTERS, 2001 &#8211; 2025<\/mark><\/strong><\/p>\n\n\n\n<figure class=\"wp-block-image size-full\"><img loading=\"lazy\" decoding=\"async\" width=\"948\" height=\"181\" src=\"https:\/\/biomatconsortium.org\/wp-content\/uploads\/2026\/02\/The-Biomat-Books-1-1.png\" alt=\"\" class=\"wp-image-109\" srcset=\"https:\/\/biomatconsortium.org\/wp-content\/uploads\/2026\/02\/The-Biomat-Books-1-1.png 948w, https:\/\/biomatconsortium.org\/wp-content\/uploads\/2026\/02\/The-Biomat-Books-1-1-300x57.png 300w, https:\/\/biomatconsortium.org\/wp-content\/uploads\/2026\/02\/The-Biomat-Books-1-1-768x147.png 768w\" sizes=\"auto, (max-width: 948px) 100vw, 948px\" \/><\/figure>\n\n\n\n<p class=\"has-text-align-center\"><strong><mark style=\"background-color:rgba(0, 0, 0, 0)\" class=\"has-inline-color has-theme-5-color\">BIOMAT BOOKS, 2001 &#8211; 2025<\/mark><\/strong><\/p>\n\n\n\n<p><\/p>\n","protected":false},"excerpt":{"rendered":"<p>The BIOMAT Consortium \/ International Institute for Interdisciplinary Mathematical and Biological Sciences, a non-profit association of members of Universities and Research Institutions in five continents, has created interdisciplinary conferences since the year 2001. These BIOMAT Symposia &#8211; BIOMAT International Symposia on Interdisciplinary Mathematical and Biological Sciences &#8211; are adequate for creating opportunities to assemble together [&hellip;]<\/p>\n","protected":false},"author":1,"featured_media":0,"parent":0,"menu_order":0,"comment_status":"closed","ping_status":"open","template":"","meta":{"footnotes":""},"class_list":["post-7","page","type-page","status-publish","hentry"],"_links":{"self":[{"href":"https:\/\/biomatconsortium.org\/index.php\/wp-json\/wp\/v2\/pages\/7","targetHints":{"allow":["GET"]}}],"collection":[{"href":"https:\/\/biomatconsortium.org\/index.php\/wp-json\/wp\/v2\/pages"}],"about":[{"href":"https:\/\/biomatconsortium.org\/index.php\/wp-json\/wp\/v2\/types\/page"}],"author":[{"embeddable":true,"href":"https:\/\/biomatconsortium.org\/index.php\/wp-json\/wp\/v2\/users\/1"}],"replies":[{"embeddable":true,"href":"https:\/\/biomatconsortium.org\/index.php\/wp-json\/wp\/v2\/comments?post=7"}],"version-history":[{"count":5,"href":"https:\/\/biomatconsortium.org\/index.php\/wp-json\/wp\/v2\/pages\/7\/revisions"}],"predecessor-version":[{"id":149,"href":"https:\/\/biomatconsortium.org\/index.php\/wp-json\/wp\/v2\/pages\/7\/revisions\/149"}],"wp:attachment":[{"href":"https:\/\/biomatconsortium.org\/index.php\/wp-json\/wp\/v2\/media?parent=7"}],"curies":[{"name":"wp","href":"https:\/\/api.w.org\/{rel}","templated":true}]}}