{"id":51,"date":"2026-01-31T18:21:23","date_gmt":"2026-01-31T21:21:23","guid":{"rendered":"https:\/\/albuquerquescn-znuct.wordpress.com\/?page_id=51"},"modified":"2026-02-06T00:31:37","modified_gmt":"2026-02-06T00:31:37","slug":"international-scientific-advisory-committee","status":"publish","type":"page","link":"https:\/\/biomatconsortium.org\/index.php\/international-scientific-advisory-committee\/","title":{"rendered":"International Scientific Advisory Committee"},"content":{"rendered":"\n<p>1. Rafael Barrio, Autonomous University of Mexico, Mexico<\/p>\n\n\n\n<p>2. Ludek Berc, Biology Centre of Academy of Sciences, Czech Republic<\/p>\n\n\n\n<p>3. Branko Dragovich, Institute of Physics, University of Belgrade, Serbia<\/p>\n\n\n\n<p>4. Jane Heffernan, York University, Canada<\/p>\n\n\n\n<p>5. S\u00e1ndor Kov\u00e1cs, E\u00f6tv\u00f6s Lor\u00e1nd University, Budapest, Hungary<\/p>\n\n\n\n<p>6. Lucia Maddalena, High Performance Computing and Networking Institute\/ICAR-CNR,Italy<\/p>\n\n\n\n<p>7. Philip Maini, University of Oxford, UK<\/p>\n\n\n\n<p>8. Seyed Moghadas, York University, Canada<\/p>\n\n\n\n<p>9. Rubem P. Mondaini, Federal University of Rio de Janeiro, Brazil, Chair<\/p>\n\n\n\n<p>10. Panos Pardalos, University of Florida, Gainesville, USA<\/p>\n\n\n\n<p>11. Gergely R\u00f6st, University of Szeged, Bolyai Institute, Hungary<\/p>\n\n\n\n<p>12. Somdatta Sinha, Indian Institute of Science, Education and Research, Mohali, India<\/p>\n\n\n\n<p>13. Siv Sivaloganathan, Waterloo University, Canada<\/p>\n\n\n\n<p>14. Yuri Vassilevski, Institute of Numerical Mathematics, RAR, Russia<\/p>\n\n\n\n<p>15. Vitaly Volpert, University of Lyon I, France<\/p>\n\n\n\n<p>16. Dorothy Wallace, Dartmouth College, USA<\/p>\n","protected":false},"excerpt":{"rendered":"<p>1. Rafael Barrio, Autonomous University of Mexico, Mexico 2. Ludek Berc, Biology Centre of Academy of Sciences, Czech Republic 3. Branko Dragovich, Institute of Physics, University of Belgrade, Serbia 4. Jane Heffernan, York University, Canada 5. S\u00e1ndor Kov\u00e1cs, E\u00f6tv\u00f6s Lor\u00e1nd University, Budapest, Hungary 6. Lucia Maddalena, High Performance Computing and Networking Institute\/ICAR-CNR,Italy 7. Philip Maini, [&hellip;]<\/p>\n","protected":false},"author":1,"featured_media":0,"parent":0,"menu_order":0,"comment_status":"closed","ping_status":"closed","template":"","meta":{"footnotes":""},"class_list":["post-51","page","type-page","status-publish","hentry"],"_links":{"self":[{"href":"https:\/\/biomatconsortium.org\/index.php\/wp-json\/wp\/v2\/pages\/51","targetHints":{"allow":["GET"]}}],"collection":[{"href":"https:\/\/biomatconsortium.org\/index.php\/wp-json\/wp\/v2\/pages"}],"about":[{"href":"https:\/\/biomatconsortium.org\/index.php\/wp-json\/wp\/v2\/types\/page"}],"author":[{"embeddable":true,"href":"https:\/\/biomatconsortium.org\/index.php\/wp-json\/wp\/v2\/users\/1"}],"replies":[{"embeddable":true,"href":"https:\/\/biomatconsortium.org\/index.php\/wp-json\/wp\/v2\/comments?post=51"}],"version-history":[{"count":1,"href":"https:\/\/biomatconsortium.org\/index.php\/wp-json\/wp\/v2\/pages\/51\/revisions"}],"predecessor-version":[{"id":150,"href":"https:\/\/biomatconsortium.org\/index.php\/wp-json\/wp\/v2\/pages\/51\/revisions\/150"}],"wp:attachment":[{"href":"https:\/\/biomatconsortium.org\/index.php\/wp-json\/wp\/v2\/media?parent=51"}],"curies":[{"name":"wp","href":"https:\/\/api.w.org\/{rel}","templated":true}]}}