{"id":49,"date":"2026-01-31T18:17:45","date_gmt":"2026-01-31T21:17:45","guid":{"rendered":"https:\/\/albuquerquescn-znuct.wordpress.com\/?page_id=49"},"modified":"2026-01-31T18:17:45","modified_gmt":"2026-01-31T21:17:45","slug":"organizing-committee","status":"publish","type":"page","link":"https:\/\/biomatconsortium.org\/index.php\/organizing-committee\/","title":{"rendered":"Organizing Committee"},"content":{"rendered":"\n<p>Andjelka Hedrih, Mathematical Institute, Serbian Academy of Sciences and Arts, Serbia<\/p>\n\n\n\n<p>Branko Dragovich &#8211; Institute of Physics, University of Belgrade, Serbia &#8211; President of the Organizing Committee<\/p>\n\n\n\n<p>Gergely R\u00f6st &#8211; University of Szeged, Bolyai Institute, Hungary<\/p>\n\n\n\n<p>Natasa Misic, Research and Development Institute Lola Ltd, Belgrade, Serbia<\/p>\n\n\n\n<p>Rubem P.Mondaini &#8211; Federal University of Rio de Janeiro, Brazil &#8211; President of the BIOMAT Consortium \/ I\u00b3MBS Institute<\/p>\n\n\n\n<p>S\u00e1ndor Kov\u00e1cs &#8211; E\u00f6tv\u00f6s Lor\u00e1nd University, Budapest, Hungary<\/p>\n\n\n\n<p>Zeljko Cupic, Institute of Chemistry, Technology and Metallurgy, University of Belgrade, Serbia<\/p>\n","protected":false},"excerpt":{"rendered":"<p>Andjelka Hedrih, Mathematical Institute, Serbian Academy of Sciences and Arts, Serbia Branko Dragovich &#8211; Institute of Physics, University of Belgrade, Serbia &#8211; President of the Organizing Committee Gergely R\u00f6st &#8211; University of Szeged, Bolyai Institute, Hungary Natasa Misic, Research and Development Institute Lola Ltd, Belgrade, Serbia Rubem P.Mondaini &#8211; Federal University of Rio de Janeiro, [&hellip;]<\/p>\n","protected":false},"author":1,"featured_media":0,"parent":0,"menu_order":0,"comment_status":"closed","ping_status":"closed","template":"","meta":{"footnotes":""},"class_list":["post-49","page","type-page","status-publish","hentry"],"_links":{"self":[{"href":"https:\/\/biomatconsortium.org\/index.php\/wp-json\/wp\/v2\/pages\/49","targetHints":{"allow":["GET"]}}],"collection":[{"href":"https:\/\/biomatconsortium.org\/index.php\/wp-json\/wp\/v2\/pages"}],"about":[{"href":"https:\/\/biomatconsortium.org\/index.php\/wp-json\/wp\/v2\/types\/page"}],"author":[{"embeddable":true,"href":"https:\/\/biomatconsortium.org\/index.php\/wp-json\/wp\/v2\/users\/1"}],"replies":[{"embeddable":true,"href":"https:\/\/biomatconsortium.org\/index.php\/wp-json\/wp\/v2\/comments?post=49"}],"version-history":[{"count":0,"href":"https:\/\/biomatconsortium.org\/index.php\/wp-json\/wp\/v2\/pages\/49\/revisions"}],"wp:attachment":[{"href":"https:\/\/biomatconsortium.org\/index.php\/wp-json\/wp\/v2\/media?parent=49"}],"curies":[{"name":"wp","href":"https:\/\/api.w.org\/{rel}","templated":true}]}}