{"id":41,"date":"2026-01-31T17:59:31","date_gmt":"2026-01-31T20:59:31","guid":{"rendered":"https:\/\/albuquerquescn-znuct.wordpress.com\/?page_id=41"},"modified":"2026-02-05T01:08:17","modified_gmt":"2026-02-05T01:08:17","slug":"director-board-2025-2028","status":"publish","type":"page","link":"https:\/\/biomatconsortium.org\/index.php\/director-board-2025-2028\/","title":{"rendered":"BIOMAT Consortium Board of Directors (2024-2027)"},"content":{"rendered":"\n<p><mark style=\"background-color:rgba(0, 0, 0, 0)\" class=\"has-inline-color has-theme-5-color\">1. WESTERN EUROPE &#8211; Lucia Maddalena, High Performance Computing and Networking Institute \/ ICAR-CNR, Italy; Vitaly Volpert, University of Lyon 1, France.<\/mark><\/p>\n\n\n\n<p><mark style=\"background-color:rgba(0, 0, 0, 0)\" class=\"has-inline-color has-theme-5-color\">2. EASTERN EUROPE &#8211; <mark style=\"background-color:rgba(0, 0, 0, 0)\" class=\"has-inline-color has-theme-5-color\">S\u00e1ndor Kov\u00e1cs &#8211; E\u00f6tv\u00f6s Lor\u00e1nd University, Budapest<\/mark>, <mark style=\"background-color:rgba(0, 0, 0, 0)\" class=\"has-inline-color has-theme-5-color\"><mark style=\"background-color:rgba(0, 0, 0, 0)\" class=\"has-inline-color has-theme-5-color\"><mark style=\"background-color:rgba(0, 0, 0, 0)\" class=\"has-inline-color has-theme-5-color\">Hungary<\/mark><\/mark><\/mark>; Gergely R\u00f6st, University of Szeged, Hungary; <mark style=\"background-color:rgba(0, 0, 0, 0)\" class=\"has-inline-color has-theme-5-color\">Branko Dragovich, University of Belgrade, Serbia<\/mark>.<\/mark><\/p>\n\n\n\n<p><mark style=\"background-color:rgba(0, 0, 0, 0)\" class=\"has-inline-color has-theme-5-color\">3. NORTH AMERICA &#8211; Panos Pardalos, University of Florida, Gainesville, USA; Jane M. Heffernan, York University, Canada.<\/mark><\/p>\n\n\n\n<p><mark style=\"background-color:rgba(0, 0, 0, 0)\" class=\"has-inline-color has-theme-5-color\">4. SOUTH AMERICA &#8211; Rubem P. Mondaini, Federal University of Rio de Janeiro, Brazil (Chair).<\/mark><\/p>\n\n\n\n<p><mark style=\"background-color:rgba(0, 0, 0, 0)\" class=\"has-inline-color has-theme-5-color\">5. AFRICA &#8211; Karam Allali, University Hassan II, Mohammedia, Morocco<\/mark>; <mark style=\"background-color:rgba(0, 0, 0, 0)\" class=\"has-inline-color has-theme-5-color\">Hamid Lefraich, Universit\u00e9 Hassan Premier, Settat, Morocco<\/mark>.<\/p>\n\n\n\n<p><mark style=\"background-color:rgba(0, 0, 0, 0)\" class=\"has-inline-color has-theme-5-color\">6. ASIA &#8211; Somdatta Sinha, Indian Institute of Science, Education and Research, India; Prashant Srivastava, Indian Institute of Technology, Patna, India<\/mark>; <mark style=\"background-color:rgba(0, 0, 0, 0)\" class=\"has-inline-color has-theme-5-color\">Samares Pal, University of Kalyani, India<\/mark>.<\/p>\n\n\n\n<p><mark style=\"background-color:rgba(0, 0, 0, 0)\" class=\"has-inline-color has-theme-5-color\">7. OCEANIA &#8211; To be announced &#8211; Following the passing of Prof. Charles E. M. Pearce of the University of Adelaide, Australia, in 2011, the BIOMAT Consortium is left without a representative from Oceania on its Board of Directors. Prof. Pearce was an exemplary scientist in his many contributions to the interdisciplinary mathematical and biological sciences. A tribute to him was published in the opening pages of the book BIOMAT 2011, published by World Scientific Co. Pte. Ltd. On behalf of the BIOMAT Consortium, we would be grateful if a fellow scientist could be nominated in the current year 2026 as the Representative from Oceania on the Board of Directors.<\/mark><\/p>\n","protected":false},"excerpt":{"rendered":"<p>1. WESTERN EUROPE &#8211; Lucia Maddalena, High Performance Computing and Networking Institute \/ ICAR-CNR, Italy; Vitaly Volpert, University of Lyon 1, France. 2. EASTERN EUROPE &#8211; S\u00e1ndor Kov\u00e1cs &#8211; E\u00f6tv\u00f6s Lor\u00e1nd University, Budapest, Hungary; Gergely R\u00f6st, University of Szeged, Hungary; Branko Dragovich, University of Belgrade, Serbia. 3. NORTH AMERICA &#8211; Panos Pardalos, University of Florida, [&hellip;]<\/p>\n","protected":false},"author":1,"featured_media":0,"parent":0,"menu_order":0,"comment_status":"closed","ping_status":"closed","template":"","meta":{"footnotes":""},"class_list":["post-41","page","type-page","status-publish","hentry"],"_links":{"self":[{"href":"https:\/\/biomatconsortium.org\/index.php\/wp-json\/wp\/v2\/pages\/41","targetHints":{"allow":["GET"]}}],"collection":[{"href":"https:\/\/biomatconsortium.org\/index.php\/wp-json\/wp\/v2\/pages"}],"about":[{"href":"https:\/\/biomatconsortium.org\/index.php\/wp-json\/wp\/v2\/types\/page"}],"author":[{"embeddable":true,"href":"https:\/\/biomatconsortium.org\/index.php\/wp-json\/wp\/v2\/users\/1"}],"replies":[{"embeddable":true,"href":"https:\/\/biomatconsortium.org\/index.php\/wp-json\/wp\/v2\/comments?post=41"}],"version-history":[{"count":9,"href":"https:\/\/biomatconsortium.org\/index.php\/wp-json\/wp\/v2\/pages\/41\/revisions"}],"predecessor-version":[{"id":144,"href":"https:\/\/biomatconsortium.org\/index.php\/wp-json\/wp\/v2\/pages\/41\/revisions\/144"}],"wp:attachment":[{"href":"https:\/\/biomatconsortium.org\/index.php\/wp-json\/wp\/v2\/media?parent=41"}],"curies":[{"name":"wp","href":"https:\/\/api.w.org\/{rel}","templated":true}]}}